{"id":6071,"date":"2023-05-02T09:29:43","date_gmt":"2023-05-02T12:29:43","guid":{"rendered":"https:\/\/www.colorlab.ind.br\/?page_id=6071"},"modified":"2023-05-24T11:04:56","modified_gmt":"2023-05-24T14:04:56","slug":"color-lab-nossa-historia","status":"publish","type":"page","link":"https:\/\/www.colorlab.ind.br\/es\/color-lab-nossa-historia\/","title":{"rendered":"Color Lab &#8211; Nossa Hist\u00f3ria"},"content":{"rendered":"\t\t<div data-elementor-type=\"wp-page\" data-elementor-id=\"6071\" class=\"elementor elementor-6071\">\n\t\t\t\t\t\t<section class=\"elementor-section elementor-top-section elementor-element elementor-element-ff57781 elementor-section-height-min-height elementor-hidden-tablet elementor-hidden-mobile elementor-section-boxed elementor-section-height-default elementor-section-items-middle\" data-id=\"ff57781\" data-element_type=\"section\" data-e-type=\"section\" data-settings=\"{&quot;background_background&quot;:&quot;classic&quot;}\">\n\t\t\t\t\t\t<div class=\"elementor-container elementor-column-gap-default\">\n\t\t\t\t\t<div class=\"elementor-column elementor-col-100 elementor-top-column elementor-element elementor-element-bc7c96b\" data-id=\"bc7c96b\" data-element_type=\"column\" data-e-type=\"column\">\n\t\t\t<div class=\"elementor-widget-wrap elementor-element-populated\">\n\t\t\t\t\t\t<div class=\"elementor-element elementor-element-b871413 elementor-widget elementor-widget-heading\" data-id=\"b871413\" data-element_type=\"widget\" data-e-type=\"widget\" data-widget_type=\"heading.default\">\n\t\t\t\t<div class=\"elementor-widget-container\">\n\t\t\t\t\t<h2 class=\"elementor-heading-title elementor-size-default\">Nossa hist\u00f3ria<\/h2>\t\t\t\t<\/div>\n\t\t\t\t<\/div>\n\t\t\t\t\t<\/div>\n\t\t<\/div>\n\t\t\t\t\t<\/div>\n\t\t<\/section>\n\t\t\t\t<section class=\"elementor-section elementor-top-section elementor-element elementor-element-fc10f08 elementor-section-height-min-height elementor-hidden-desktop elementor-section-boxed elementor-section-height-default elementor-section-items-middle\" data-id=\"fc10f08\" data-element_type=\"section\" data-e-type=\"section\" data-settings=\"{&quot;background_background&quot;:&quot;classic&quot;}\">\n\t\t\t\t\t\t<div class=\"elementor-container elementor-column-gap-default\">\n\t\t\t\t\t<div class=\"elementor-column elementor-col-100 elementor-top-column elementor-element elementor-element-826baef\" data-id=\"826baef\" data-element_type=\"column\" data-e-type=\"column\">\n\t\t\t<div class=\"elementor-widget-wrap elementor-element-populated\">\n\t\t\t\t\t\t<div class=\"elementor-element elementor-element-d9e1fb4 elementor-widget elementor-widget-heading\" data-id=\"d9e1fb4\" data-element_type=\"widget\" data-e-type=\"widget\" data-widget_type=\"heading.default\">\n\t\t\t\t<div class=\"elementor-widget-container\">\n\t\t\t\t\t<h2 class=\"elementor-heading-title elementor-size-default\">Nossa hist\u00f3ria<\/h2>\t\t\t\t<\/div>\n\t\t\t\t<\/div>\n\t\t\t\t\t<\/div>\n\t\t<\/div>\n\t\t\t\t\t<\/div>\n\t\t<\/section>\n\t\t\t\t<section class=\"elementor-section elementor-top-section elementor-element elementor-element-2bf8bd1 elementor-section-boxed elementor-section-height-default elementor-section-height-default\" data-id=\"2bf8bd1\" data-element_type=\"section\" data-e-type=\"section\">\n\t\t\t\t\t\t<div class=\"elementor-container elementor-column-gap-default\">\n\t\t\t\t\t<div class=\"elementor-column elementor-col-100 elementor-top-column elementor-element elementor-element-4b5d804\" data-id=\"4b5d804\" data-element_type=\"column\" data-e-type=\"column\">\n\t\t\t<div class=\"elementor-widget-wrap elementor-element-populated\">\n\t\t\t\t\t\t<div class=\"elementor-element elementor-element-3a93b90 elementor-widget elementor-widget-text-editor\" data-id=\"3a93b90\" data-element_type=\"widget\" data-e-type=\"widget\" data-widget_type=\"text-editor.default\">\n\t\t\t\t<div class=\"elementor-widget-container\">\n\t\t\t\t\t\t\t\t\t<p><span style=\"font-weight: 400;\">A vida prop\u00f4s uma oportunidade de renova\u00e7\u00e3o da marca Natuprime atrav\u00e9s da uni\u00e3o dos sonhos de Leonardo e Melissa.<\/span><\/p><p><span style=\"font-weight: 400;\">Ap\u00f3s anos de empresa veio a vontade de renovar e inovar o projeto, acreditando que mais de sua personalidade necessitavam de serem transpassados ao conceito da marca, assim nasce a Color Lab.<\/span><\/p><p><span style=\"font-weight: 400;\">A Colo Lab traz a certeza para o nosso cliente de que o seu projeto ser\u00e1 idealizado com seriedade atrav\u00e9s de pesquisa e desenvolvimento tecnol\u00f3gico de alto n\u00edvel. Colaborando diretamente para o sucesso da experi\u00eancia do cliente final.<\/span><\/p><p><span style=\"font-weight: 400;\">Com foco em produtos de grande complexidade na formula\u00e7\u00e3o e fabrica\u00e7\u00e3o, n\u00f3s contamos com profissionais com mais de 20 anos de experi\u00eancia de atua\u00e7\u00e3o nas maiores empresas do mercado mundial de cosm\u00e9ticos.<\/span><\/p><p><span style=\"font-weight: 400;\">Por isso, somos capazes de oferecer assessoria total para os projetos desenvolvidos na Color Lab.<\/span><\/p><p><span style=\"font-weight: 400;\">Durante todas as etapas at\u00e9 a comercializa\u00e7\u00e3o do produto, nossa ind\u00fastria conta com todas as licen\u00e7as necess\u00e1rias para o ramo de cosm\u00e9ticos e por conta disso, pode oferecer apoio t\u00e9cnico reconhecido de acordo com o manual de boas pr\u00e1ticas e prestar toda a assessoria no projeto, incluindo o registro do produto.<\/span><\/p><p><span style=\"font-weight: 400;\">Em nosso laborat\u00f3rio pr\u00f3prio, investimos em pesquisas e desenvolvimento de f\u00f3rmulas exclusivas de p\u00f3 descolorante, \u00e1gua oxigenada e colora\u00e7\u00e3o capilar.<\/span><\/p><p><span style=\"font-weight: 400;\">Com mais de 20 formula\u00e7\u00f5es aprovadas, somos especialistas em criar produtos inovadores e com as mais diferentes especifica\u00e7\u00f5es, oferecemos flexibilidade a empresas e profissionais para que possam atender clientes que antes, com outros produtos, n\u00e3o seria poss\u00edvel.<\/span><\/p>\t\t\t\t\t\t\t\t<\/div>\n\t\t\t\t<\/div>\n\t\t\t\t\t<\/div>\n\t\t<\/div>\n\t\t\t\t\t<\/div>\n\t\t<\/section>\n\t\t\t\t<\/div>\n\t\t","protected":false},"excerpt":{"rendered":"<p>Nossa hist\u00f3ria Nossa hist\u00f3ria A vida prop\u00f4s uma oportunidade de renova\u00e7\u00e3o da marca Natuprime atrav\u00e9s da uni\u00e3o dos sonhos de Leonardo e Melissa. Ap\u00f3s anos de empresa veio a vontade de renovar e inovar o projeto, acreditando que mais de sua personalidade necessitavam de serem transpassados ao conceito da marca, assim nasce a Color Lab. [&hellip;]<\/p>\n","protected":false},"author":4,"featured_media":0,"parent":0,"menu_order":0,"comment_status":"closed","ping_status":"closed","template":"","meta":{"_acf_changed":false,"om_disable_all_campaigns":false,"_monsterinsights_skip_tracking":false,"_monsterinsights_sitenote_active":false,"_monsterinsights_sitenote_note":"","_monsterinsights_sitenote_category":0,"_uf_show_specific_survey":0,"_uf_disable_surveys":false,"footnotes":""},"class_list":["post-6071","page","type-page","status-publish","hentry"],"acf":[],"aioseo_notices":[],"_links":{"self":[{"href":"https:\/\/www.colorlab.ind.br\/es\/wp-json\/wp\/v2\/pages\/6071","targetHints":{"allow":["GET"]}}],"collection":[{"href":"https:\/\/www.colorlab.ind.br\/es\/wp-json\/wp\/v2\/pages"}],"about":[{"href":"https:\/\/www.colorlab.ind.br\/es\/wp-json\/wp\/v2\/types\/page"}],"author":[{"embeddable":true,"href":"https:\/\/www.colorlab.ind.br\/es\/wp-json\/wp\/v2\/users\/4"}],"replies":[{"embeddable":true,"href":"https:\/\/www.colorlab.ind.br\/es\/wp-json\/wp\/v2\/comments?post=6071"}],"version-history":[{"count":19,"href":"https:\/\/www.colorlab.ind.br\/es\/wp-json\/wp\/v2\/pages\/6071\/revisions"}],"predecessor-version":[{"id":6164,"href":"https:\/\/www.colorlab.ind.br\/es\/wp-json\/wp\/v2\/pages\/6071\/revisions\/6164"}],"wp:attachment":[{"href":"https:\/\/www.colorlab.ind.br\/es\/wp-json\/wp\/v2\/media?parent=6071"}],"curies":[{"name":"wp","href":"https:\/\/api.w.org\/{rel}","templated":true}]}}